{"id":2035,"date":"2023-03-13T08:13:51","date_gmt":"2023-03-13T08:13:51","guid":{"rendered":"http:\/\/juanescudero.com\/nova\/bio\/"},"modified":"2023-03-13T08:13:51","modified_gmt":"2023-03-13T08:13:51","slug":"bio","status":"publish","type":"page","link":"https:\/\/juanescudero.com\/en\/bio\/","title":{"rendered":"Bio"},"content":{"rendered":"<p><strong>Licenciado en Bellas Artes por la Universidad del Pa\u00eds Vasco en la especialidad Pintura.<\/strong><br \/>\nDeja esta disciplina en 1993 al crear una empresa de Animaci\u00f3n 3D orientada a arquitectura y publicidad en la que obtiene una formaci\u00f3n general en Computer Graphics.<br \/>\nEn 1999 se traslada a Barcelona donde reside. Hacia 2007 regresa al Arte mediante el Dibujo. En el 2011 realiza su primer grabado y en 2017 se vuelca totalmente en este arte. Desde 2018 ha recibido varios premios por su actividad en grabado como por ejemplo el\u00a0<a href=\"https:\/\/miromallorca.com\/en\/pilar-juncosa-sothebys-awards-and-grants-2020-open-call\/\" target=\"new\" rel=\"noopener\"><u>Premio Bienal de Edici\u00f3n Pilar Juncosa que concede la Fundaci\u00f3 Pilar i Joan Mir\u00f3 a Mallorca<\/u><\/a>\u00a0entre otros.<\/p>\n","protected":false},"excerpt":{"rendered":"<p>Licenciado en Bellas Artes por la Universidad del Pa\u00eds Vasco en la especialidad Pintura. Deja esta disciplina en 1993 al crear una empresa de Animaci\u00f3n 3D orientada a arquitectura y publicidad en la que obtiene una formaci\u00f3n general en Computer Graphics. En 1999 se traslada a Barcelona donde reside. Hacia 2007 regresa al Arte mediante [&hellip;]<\/p>\n","protected":false},"author":1,"featured_media":0,"parent":0,"menu_order":0,"comment_status":"closed","ping_status":"closed","template":"page-bio.php","meta":{"_acf_changed":false,"footnotes":""},"class_list":["post-2035","page","type-page","status-publish","hentry"],"acf":[],"yoast_head":"<!-- This site is optimized with the Yoast SEO plugin v26.8 - https:\/\/yoast.com\/product\/yoast-seo-wordpress\/ -->\n<title>Bio - Juan Escudero<\/title>\n<meta name=\"robots\" content=\"index, follow, max-snippet:-1, max-image-preview:large, max-video-preview:-1\" \/>\n<link rel=\"canonical\" href=\"http:\/\/juanescudero.com\/en\/bio\/\" \/>\n<meta property=\"og:locale\" content=\"en_US\" \/>\n<meta property=\"og:type\" content=\"article\" \/>\n<meta property=\"og:title\" content=\"Bio - Juan Escudero\" \/>\n<meta property=\"og:description\" content=\"Licenciado en Bellas Artes por la Universidad del Pa\u00eds Vasco en la especialidad Pintura. Deja esta disciplina en 1993 al crear una empresa de Animaci\u00f3n 3D orientada a arquitectura y publicidad en la que obtiene una formaci\u00f3n general en Computer Graphics. En 1999 se traslada a Barcelona donde reside. Hacia 2007 regresa al Arte mediante [&hellip;]\" \/>\n<meta property=\"og:url\" content=\"http:\/\/juanescudero.com\/en\/bio\/\" \/>\n<meta property=\"og:site_name\" content=\"Juan Escudero\" \/>\n<meta name=\"twitter:card\" content=\"summary_large_image\" \/>\n<meta name=\"twitter:label1\" content=\"Est. reading time\" \/>\n\t<meta name=\"twitter:data1\" content=\"1 minute\" \/>\n<script type=\"application\/ld+json\" class=\"yoast-schema-graph\">{\"@context\":\"https:\/\/schema.org\",\"@graph\":[{\"@type\":\"WebPage\",\"@id\":\"http:\/\/juanescudero.com\/en\/bio\/\",\"url\":\"http:\/\/juanescudero.com\/en\/bio\/\",\"name\":\"Bio - Juan Escudero\",\"isPartOf\":{\"@id\":\"https:\/\/juanescudero.com\/ca\/#website\"},\"datePublished\":\"2023-03-13T08:13:51+00:00\",\"breadcrumb\":{\"@id\":\"http:\/\/juanescudero.com\/en\/bio\/#breadcrumb\"},\"inLanguage\":\"en-US\",\"potentialAction\":[{\"@type\":\"ReadAction\",\"target\":[\"http:\/\/juanescudero.com\/en\/bio\/\"]}]},{\"@type\":\"BreadcrumbList\",\"@id\":\"http:\/\/juanescudero.com\/en\/bio\/#breadcrumb\",\"itemListElement\":[{\"@type\":\"ListItem\",\"position\":1,\"name\":\"Portada\",\"item\":\"https:\/\/juanescudero.com\/en\/\"},{\"@type\":\"ListItem\",\"position\":2,\"name\":\"Bio\"}]},{\"@type\":\"WebSite\",\"@id\":\"https:\/\/juanescudero.com\/ca\/#website\",\"url\":\"https:\/\/juanescudero.com\/ca\/\",\"name\":\"Juan Escudero\",\"description\":\"Artista\",\"publisher\":{\"@id\":\"https:\/\/juanescudero.com\/ca\/#organization\"},\"potentialAction\":[{\"@type\":\"SearchAction\",\"target\":{\"@type\":\"EntryPoint\",\"urlTemplate\":\"https:\/\/juanescudero.com\/ca\/?s={search_term_string}\"},\"query-input\":{\"@type\":\"PropertyValueSpecification\",\"valueRequired\":true,\"valueName\":\"search_term_string\"}}],\"inLanguage\":\"en-US\"},{\"@type\":\"Organization\",\"@id\":\"https:\/\/juanescudero.com\/ca\/#organization\",\"name\":\"Juan Escudero\",\"url\":\"https:\/\/juanescudero.com\/ca\/\",\"logo\":{\"@type\":\"ImageObject\",\"inLanguage\":\"en-US\",\"@id\":\"https:\/\/juanescudero.com\/ca\/#\/schema\/logo\/image\/\",\"url\":\"https:\/\/juanescudero.com\/wp-content\/uploads\/2026\/01\/Captura-de-Pantalla-2026-01-19-a-las-14.19.29.png\",\"contentUrl\":\"https:\/\/juanescudero.com\/wp-content\/uploads\/2026\/01\/Captura-de-Pantalla-2026-01-19-a-las-14.19.29.png\",\"width\":568,\"height\":122,\"caption\":\"Juan Escudero\"},\"image\":{\"@id\":\"https:\/\/juanescudero.com\/ca\/#\/schema\/logo\/image\/\"},\"sameAs\":[\"https:\/\/www.instagram.com\/juanescudero00\/\"]}]}<\/script>\n<!-- \/ Yoast SEO plugin. -->","yoast_head_json":{"title":"Bio - Juan Escudero","robots":{"index":"index","follow":"follow","max-snippet":"max-snippet:-1","max-image-preview":"max-image-preview:large","max-video-preview":"max-video-preview:-1"},"canonical":"http:\/\/juanescudero.com\/en\/bio\/","og_locale":"en_US","og_type":"article","og_title":"Bio - Juan Escudero","og_description":"Licenciado en Bellas Artes por la Universidad del Pa\u00eds Vasco en la especialidad Pintura. Deja esta disciplina en 1993 al crear una empresa de Animaci\u00f3n 3D orientada a arquitectura y publicidad en la que obtiene una formaci\u00f3n general en Computer Graphics. En 1999 se traslada a Barcelona donde reside. Hacia 2007 regresa al Arte mediante [&hellip;]","og_url":"http:\/\/juanescudero.com\/en\/bio\/","og_site_name":"Juan Escudero","twitter_card":"summary_large_image","twitter_misc":{"Est. reading time":"1 minute"},"schema":{"@context":"https:\/\/schema.org","@graph":[{"@type":"WebPage","@id":"http:\/\/juanescudero.com\/en\/bio\/","url":"http:\/\/juanescudero.com\/en\/bio\/","name":"Bio - Juan Escudero","isPartOf":{"@id":"https:\/\/juanescudero.com\/ca\/#website"},"datePublished":"2023-03-13T08:13:51+00:00","breadcrumb":{"@id":"http:\/\/juanescudero.com\/en\/bio\/#breadcrumb"},"inLanguage":"en-US","potentialAction":[{"@type":"ReadAction","target":["http:\/\/juanescudero.com\/en\/bio\/"]}]},{"@type":"BreadcrumbList","@id":"http:\/\/juanescudero.com\/en\/bio\/#breadcrumb","itemListElement":[{"@type":"ListItem","position":1,"name":"Portada","item":"https:\/\/juanescudero.com\/en\/"},{"@type":"ListItem","position":2,"name":"Bio"}]},{"@type":"WebSite","@id":"https:\/\/juanescudero.com\/ca\/#website","url":"https:\/\/juanescudero.com\/ca\/","name":"Juan Escudero","description":"Artista","publisher":{"@id":"https:\/\/juanescudero.com\/ca\/#organization"},"potentialAction":[{"@type":"SearchAction","target":{"@type":"EntryPoint","urlTemplate":"https:\/\/juanescudero.com\/ca\/?s={search_term_string}"},"query-input":{"@type":"PropertyValueSpecification","valueRequired":true,"valueName":"search_term_string"}}],"inLanguage":"en-US"},{"@type":"Organization","@id":"https:\/\/juanescudero.com\/ca\/#organization","name":"Juan Escudero","url":"https:\/\/juanescudero.com\/ca\/","logo":{"@type":"ImageObject","inLanguage":"en-US","@id":"https:\/\/juanescudero.com\/ca\/#\/schema\/logo\/image\/","url":"https:\/\/juanescudero.com\/wp-content\/uploads\/2026\/01\/Captura-de-Pantalla-2026-01-19-a-las-14.19.29.png","contentUrl":"https:\/\/juanescudero.com\/wp-content\/uploads\/2026\/01\/Captura-de-Pantalla-2026-01-19-a-las-14.19.29.png","width":568,"height":122,"caption":"Juan Escudero"},"image":{"@id":"https:\/\/juanescudero.com\/ca\/#\/schema\/logo\/image\/"},"sameAs":["https:\/\/www.instagram.com\/juanescudero00\/"]}]}},"_links":{"self":[{"href":"https:\/\/juanescudero.com\/en\/wp-json\/wp\/v2\/pages\/2035","targetHints":{"allow":["GET"]}}],"collection":[{"href":"https:\/\/juanescudero.com\/en\/wp-json\/wp\/v2\/pages"}],"about":[{"href":"https:\/\/juanescudero.com\/en\/wp-json\/wp\/v2\/types\/page"}],"author":[{"embeddable":true,"href":"https:\/\/juanescudero.com\/en\/wp-json\/wp\/v2\/users\/1"}],"replies":[{"embeddable":true,"href":"https:\/\/juanescudero.com\/en\/wp-json\/wp\/v2\/comments?post=2035"}],"version-history":[{"count":0,"href":"https:\/\/juanescudero.com\/en\/wp-json\/wp\/v2\/pages\/2035\/revisions"}],"wp:attachment":[{"href":"https:\/\/juanescudero.com\/en\/wp-json\/wp\/v2\/media?parent=2035"}],"curies":[{"name":"wp","href":"https:\/\/api.w.org\/{rel}","templated":true}]}}