{"id":2153,"date":"2021-01-14T14:22:27","date_gmt":"2021-01-14T14:22:27","guid":{"rendered":"http:\/\/juanescudero.com\/politica-de-privacidad\/"},"modified":"2021-01-14T14:22:27","modified_gmt":"2021-01-14T14:22:27","slug":"politica-de-privacidad","status":"publish","type":"page","link":"https:\/\/juanescudero.com\/en\/politica-de-privacidad\/","title":{"rendered":"Pol\u00edtica de privacidad"},"content":{"rendered":"<p>Esta pol\u00edtica de privacidad establece los t\u00e9rminos en que Juan C. Escudero Garc\u00eda utiliza y protege la informaci\u00f3n que sus usuarios le proporcionan en utilizar su sitio web. Esta compa\u00f1\u00eda est\u00e1 comprometida con la protecci\u00f3n de los datos de sus usuarios. Cuando le pedimos llenar los campos de informaci\u00f3n personal mediante la cual puede ser identificados, lo hacemos asegurando que esta informaci\u00f3n s\u00f3lo se utilizar\u00e1 de acuerdo con los t\u00e9rminos establecidos en este documento. Sin embargo, esta pol\u00edtica de privacidad puede ser modificada o actualizada con el tiempo; por este motivo se recomienda encarecidamente revisar continuamente esta p\u00e1gina para asegurar que est\u00e1 de acuerdo con estos cambios.<\/p>\n<h3>Informaci\u00f3n recogida<\/h3>\n<p>Nuestro sitio web podr\u00e1 recoger datos de car\u00e1cter personal como su nombre, la informaci\u00f3n de contacto, su direcci\u00f3n de correo electr\u00f3nico o informaci\u00f3n demogr\u00e1fica. Asimismo, cuando sea necesario, podr\u00e1 ser requerida informaci\u00f3n espec\u00edfica para procesar alg\u00fan pedido o realizar una entrega o facturaci\u00f3n.<\/p>\n<h3>Uso de la informaci\u00f3n recogida<\/h3>\n<p>Nuestro sitio web utiliza su informaci\u00f3n con el fin de proporcionar el mejor servicio posible, m\u00e1s concretamente para mantener un registro de usuarios, de pedidos, en su caso, y para mejorar nuestros productos y servicios. Puede recibir correos electr\u00f3nicos peri\u00f3dicamente a trav\u00e9s de nuestro sitio web con ofertas especiales, productos nuevos y m\u00e1s informaci\u00f3n publicitaria que consideremos relevante para vosotros o que pueda aportarle alg\u00fan beneficio. Estos correos electr\u00f3nicos ser\u00e1n enviados a la direcci\u00f3n que proporcion\u00e9is, y puede cancelar su suscripci\u00f3n en cualquier momento.<\/p>\n<p>Juan C. Escudero Garc\u00eda est\u00e1 altamente comprometida con la seguridad de sus datos, de ah\u00ed que utilizemos los sistemas m\u00e1s avanzados y los actualizemos constantemente para asegurar que no se produce ning\u00fan acceso no autorizado.<\/p>\n<h3>Cookies<\/h3>\n<p>Una cookie es un archivo que contiene informaci\u00f3n sobre la navegaci\u00f3n del usuario y que se almacena en su ordenador una vez ha autorizado su uso. Las cookies sirven para obtener informaci\u00f3n sobre el tr\u00e1fico web, y tambi\u00e9n facilita las futuras visitas a una web que visitamos frecuentemente. Otra funci\u00f3n que tienen las cookies es la de permitir a los sitios web identificarse y, por tanto, ofrecer el mejor servicio personalizado de su web.<\/p>\n<p>Nuestro sitio web utiliza las cookies para identificar las p\u00e1ginas que se visitan y con la frecuencia con que se hace. Esta informaci\u00f3n se utiliza \u00fanicamente para hacer an\u00e1lisis estad\u00edsticos y luego la informaci\u00f3n se elimina de forma permanente. Puede eliminar las cookies en cualquier momento desde su equipo. Sin embargo, las cookies ayudan a proporcionar un mejor servicio de los sitios web, y no dan acceso a ninguna informaci\u00f3n vuestra o de su ordenador, a menos que as\u00ed lo desee y la proporcione directamente. Puede aceptar o denegar el uso de cookies, sin embargo, la mayor\u00eda de navegadores aceptan la utilizaci\u00f3n de cookies autom\u00e1ticamente, ya que sirven para mejorar el servicio web. Tambi\u00e9n puede cambiar la configuraci\u00f3n de su ordenador para denegar el uso de las cookies. Si rechaza su uso, es posible que no pueda utilizar algunos de nuestros servicios.<\/p>\n<h3>Enlaces a terceros<\/h3>\n<p>Este sitio web puede contener enlaces a sitios web de terceros que pueden ser de su inter\u00e9s. Una vez haga clic en estos enlaces y abandone nuestra p\u00e1gina, no tenemos control sobre el sitio web al que se\u00e1is redirigidos y, por tanto, no somos responsables de los t\u00e9rminos aplicables, la pol\u00edtica de privacidad, ni la pol\u00edtica de protecci\u00f3n de datos de estos sitios web de terceros. Estos sitios web est\u00e1n sujetos a sus propias pol\u00edticas de privacidad, por lo tanto, es recomendable que las consulte para confirmar que est\u00e1 de acuerdo.<\/p>\n<p>Control de su informaci\u00f3n personal<\/p>\n<p>Puede restringir en cualquier momento la autorizaci\u00f3n para recopilar o utilizar la informaci\u00f3n personal que ha proporcionado a nuestro sitio web. Cada vez que se le solicite rellenar un formulario \u00becom el de alta de usuario, puede marcar o desmarcar la opci\u00f3n de recibir informaci\u00f3n por correo electr\u00f3nico. En caso de haber marcado la opci\u00f3n de recibir nuestro bolet\u00edn o nuestros correos publicitarios, puede cancelar esta suscripci\u00f3n en cualquier momento.<\/p>\n<p>Esta compa\u00f1\u00eda no vender\u00e1, ceder\u00e1, ni distribuir\u00e1 sin su consentimiento la informaci\u00f3n personal recopilada, excepto que sea requerido por un juez con un orden judicial.<\/p>\n","protected":false},"excerpt":{"rendered":"<p>Esta pol\u00edtica de privacidad establece los t\u00e9rminos en que Juan C. Escudero Garc\u00eda utiliza y protege la informaci\u00f3n que sus usuarios le proporcionan en utilizar su sitio web. Esta compa\u00f1\u00eda est\u00e1 comprometida con la protecci\u00f3n de los datos de sus usuarios. Cuando le pedimos llenar los campos de informaci\u00f3n personal mediante la cual puede ser [&hellip;]<\/p>\n","protected":false},"author":1,"featured_media":0,"parent":0,"menu_order":0,"comment_status":"closed","ping_status":"open","template":"","meta":{"_acf_changed":false,"footnotes":""},"class_list":["post-2153","page","type-page","status-publish","hentry"],"acf":[],"yoast_head":"<!-- This site is optimized with the Yoast SEO plugin v26.8 - https:\/\/yoast.com\/product\/yoast-seo-wordpress\/ -->\n<title>Pol\u00edtica de privacidad - Juan Escudero<\/title>\n<meta name=\"robots\" content=\"index, follow, max-snippet:-1, max-image-preview:large, max-video-preview:-1\" \/>\n<link rel=\"canonical\" href=\"https:\/\/juanescudero.com\/en\/politica-de-privacidad\/\" \/>\n<meta property=\"og:locale\" content=\"en_US\" \/>\n<meta property=\"og:type\" content=\"article\" \/>\n<meta property=\"og:title\" content=\"Pol\u00edtica de privacidad - Juan Escudero\" \/>\n<meta property=\"og:description\" content=\"Esta pol\u00edtica de privacidad establece los t\u00e9rminos en que Juan C. Escudero Garc\u00eda utiliza y protege la informaci\u00f3n que sus usuarios le proporcionan en utilizar su sitio web. Esta compa\u00f1\u00eda est\u00e1 comprometida con la protecci\u00f3n de los datos de sus usuarios. Cuando le pedimos llenar los campos de informaci\u00f3n personal mediante la cual puede ser [&hellip;]\" \/>\n<meta property=\"og:url\" content=\"https:\/\/juanescudero.com\/en\/politica-de-privacidad\/\" \/>\n<meta property=\"og:site_name\" content=\"Juan Escudero\" \/>\n<meta name=\"twitter:card\" content=\"summary_large_image\" \/>\n<meta name=\"twitter:label1\" content=\"Est. reading time\" \/>\n\t<meta name=\"twitter:data1\" content=\"4 minutes\" \/>\n<script type=\"application\/ld+json\" class=\"yoast-schema-graph\">{\"@context\":\"https:\/\/schema.org\",\"@graph\":[{\"@type\":\"WebPage\",\"@id\":\"https:\/\/juanescudero.com\/en\/politica-de-privacidad\/\",\"url\":\"https:\/\/juanescudero.com\/en\/politica-de-privacidad\/\",\"name\":\"Pol\u00edtica de privacidad - Juan Escudero\",\"isPartOf\":{\"@id\":\"https:\/\/juanescudero.com\/#website\"},\"datePublished\":\"2021-01-14T14:22:27+00:00\",\"breadcrumb\":{\"@id\":\"https:\/\/juanescudero.com\/en\/politica-de-privacidad\/#breadcrumb\"},\"inLanguage\":\"en-US\",\"potentialAction\":[{\"@type\":\"ReadAction\",\"target\":[\"https:\/\/juanescudero.com\/en\/politica-de-privacidad\/\"]}]},{\"@type\":\"BreadcrumbList\",\"@id\":\"https:\/\/juanescudero.com\/en\/politica-de-privacidad\/#breadcrumb\",\"itemListElement\":[{\"@type\":\"ListItem\",\"position\":1,\"name\":\"Portada\",\"item\":\"https:\/\/juanescudero.com\/en\/\"},{\"@type\":\"ListItem\",\"position\":2,\"name\":\"Pol\u00edtica de privacidad\"}]},{\"@type\":\"WebSite\",\"@id\":\"https:\/\/juanescudero.com\/#website\",\"url\":\"https:\/\/juanescudero.com\/\",\"name\":\"Juan Escudero\",\"description\":\"Artista\",\"publisher\":{\"@id\":\"https:\/\/juanescudero.com\/#organization\"},\"potentialAction\":[{\"@type\":\"SearchAction\",\"target\":{\"@type\":\"EntryPoint\",\"urlTemplate\":\"https:\/\/juanescudero.com\/?s={search_term_string}\"},\"query-input\":{\"@type\":\"PropertyValueSpecification\",\"valueRequired\":true,\"valueName\":\"search_term_string\"}}],\"inLanguage\":\"en-US\"},{\"@type\":\"Organization\",\"@id\":\"https:\/\/juanescudero.com\/#organization\",\"name\":\"Juan Escudero\",\"url\":\"https:\/\/juanescudero.com\/\",\"logo\":{\"@type\":\"ImageObject\",\"inLanguage\":\"en-US\",\"@id\":\"https:\/\/juanescudero.com\/#\/schema\/logo\/image\/\",\"url\":\"https:\/\/juanescudero.com\/wp-content\/uploads\/2026\/01\/Captura-de-Pantalla-2026-01-19-a-las-14.19.29.png\",\"contentUrl\":\"https:\/\/juanescudero.com\/wp-content\/uploads\/2026\/01\/Captura-de-Pantalla-2026-01-19-a-las-14.19.29.png\",\"width\":568,\"height\":122,\"caption\":\"Juan Escudero\"},\"image\":{\"@id\":\"https:\/\/juanescudero.com\/#\/schema\/logo\/image\/\"},\"sameAs\":[\"https:\/\/www.instagram.com\/juanescudero00\/\"]}]}<\/script>\n<!-- \/ Yoast SEO plugin. -->","yoast_head_json":{"title":"Pol\u00edtica de privacidad - Juan Escudero","robots":{"index":"index","follow":"follow","max-snippet":"max-snippet:-1","max-image-preview":"max-image-preview:large","max-video-preview":"max-video-preview:-1"},"canonical":"https:\/\/juanescudero.com\/en\/politica-de-privacidad\/","og_locale":"en_US","og_type":"article","og_title":"Pol\u00edtica de privacidad - Juan Escudero","og_description":"Esta pol\u00edtica de privacidad establece los t\u00e9rminos en que Juan C. Escudero Garc\u00eda utiliza y protege la informaci\u00f3n que sus usuarios le proporcionan en utilizar su sitio web. Esta compa\u00f1\u00eda est\u00e1 comprometida con la protecci\u00f3n de los datos de sus usuarios. Cuando le pedimos llenar los campos de informaci\u00f3n personal mediante la cual puede ser [&hellip;]","og_url":"https:\/\/juanescudero.com\/en\/politica-de-privacidad\/","og_site_name":"Juan Escudero","twitter_card":"summary_large_image","twitter_misc":{"Est. reading time":"4 minutes"},"schema":{"@context":"https:\/\/schema.org","@graph":[{"@type":"WebPage","@id":"https:\/\/juanescudero.com\/en\/politica-de-privacidad\/","url":"https:\/\/juanescudero.com\/en\/politica-de-privacidad\/","name":"Pol\u00edtica de privacidad - Juan Escudero","isPartOf":{"@id":"https:\/\/juanescudero.com\/#website"},"datePublished":"2021-01-14T14:22:27+00:00","breadcrumb":{"@id":"https:\/\/juanescudero.com\/en\/politica-de-privacidad\/#breadcrumb"},"inLanguage":"en-US","potentialAction":[{"@type":"ReadAction","target":["https:\/\/juanescudero.com\/en\/politica-de-privacidad\/"]}]},{"@type":"BreadcrumbList","@id":"https:\/\/juanescudero.com\/en\/politica-de-privacidad\/#breadcrumb","itemListElement":[{"@type":"ListItem","position":1,"name":"Portada","item":"https:\/\/juanescudero.com\/en\/"},{"@type":"ListItem","position":2,"name":"Pol\u00edtica de privacidad"}]},{"@type":"WebSite","@id":"https:\/\/juanescudero.com\/#website","url":"https:\/\/juanescudero.com\/","name":"Juan Escudero","description":"Artista","publisher":{"@id":"https:\/\/juanescudero.com\/#organization"},"potentialAction":[{"@type":"SearchAction","target":{"@type":"EntryPoint","urlTemplate":"https:\/\/juanescudero.com\/?s={search_term_string}"},"query-input":{"@type":"PropertyValueSpecification","valueRequired":true,"valueName":"search_term_string"}}],"inLanguage":"en-US"},{"@type":"Organization","@id":"https:\/\/juanescudero.com\/#organization","name":"Juan Escudero","url":"https:\/\/juanescudero.com\/","logo":{"@type":"ImageObject","inLanguage":"en-US","@id":"https:\/\/juanescudero.com\/#\/schema\/logo\/image\/","url":"https:\/\/juanescudero.com\/wp-content\/uploads\/2026\/01\/Captura-de-Pantalla-2026-01-19-a-las-14.19.29.png","contentUrl":"https:\/\/juanescudero.com\/wp-content\/uploads\/2026\/01\/Captura-de-Pantalla-2026-01-19-a-las-14.19.29.png","width":568,"height":122,"caption":"Juan Escudero"},"image":{"@id":"https:\/\/juanescudero.com\/#\/schema\/logo\/image\/"},"sameAs":["https:\/\/www.instagram.com\/juanescudero00\/"]}]}},"_links":{"self":[{"href":"https:\/\/juanescudero.com\/en\/wp-json\/wp\/v2\/pages\/2153","targetHints":{"allow":["GET"]}}],"collection":[{"href":"https:\/\/juanescudero.com\/en\/wp-json\/wp\/v2\/pages"}],"about":[{"href":"https:\/\/juanescudero.com\/en\/wp-json\/wp\/v2\/types\/page"}],"author":[{"embeddable":true,"href":"https:\/\/juanescudero.com\/en\/wp-json\/wp\/v2\/users\/1"}],"replies":[{"embeddable":true,"href":"https:\/\/juanescudero.com\/en\/wp-json\/wp\/v2\/comments?post=2153"}],"version-history":[{"count":0,"href":"https:\/\/juanescudero.com\/en\/wp-json\/wp\/v2\/pages\/2153\/revisions"}],"wp:attachment":[{"href":"https:\/\/juanescudero.com\/en\/wp-json\/wp\/v2\/media?parent=2153"}],"curies":[{"name":"wp","href":"https:\/\/api.w.org\/{rel}","templated":true}]}}